{"id":172,"date":"2015-12-17T17:32:29","date_gmt":"2015-12-17T15:32:29","guid":{"rendered":"http:\/\/dev.oktodigital.com\/kkcompany\/wp\/portfolio\/?lang=en"},"modified":"2016-01-13T16:04:56","modified_gmt":"2016-01-13T14:04:56","slug":"portfolio","status":"publish","type":"page","link":"https:\/\/kkcompany.sk\/en\/portfolio\/","title":{"rendered":"Portf\u00f3lio"},"content":{"rendered":"<p>Spolo\u010dnos\u0165 KK Company u\u017e vy\u0161e 20 rokov budujeme a formujeme. Po prehodnoten\u00ed v\u0161etk\u00fdch aktiv\u00edt sme sa rozhodli zachova\u0165 a rozv\u00edja\u0165 nasledovn\u00e9 aktivity v oblasti slu\u017eieb, v\u00fdroby, financi\u00ed a obchodu.<\/p>\n","protected":false},"excerpt":{"rendered":"<p>Spolo\u010dnos\u0165 KK Company u\u017e vy\u0161e 20 rokov budujeme a formujeme. Po prehodnoten\u00ed v\u0161etk\u00fdch aktiv\u00edt sme sa rozhodli zachova\u0165 a rozv\u00edja\u0165 nasledovn\u00e9 aktivity v oblasti slu\u017eieb, v\u00fdroby, financi\u00ed a obchodu.<\/p>\n","protected":false},"author":2,"featured_media":75,"parent":0,"menu_order":0,"comment_status":"closed","ping_status":"closed","template":"page-templates\/content-portfolio.php","meta":[],"acf":[],"yoast_head":"<!-- This site is optimized with the Yoast SEO plugin v19.3 - https:\/\/yoast.com\/wordpress\/plugins\/seo\/ -->\n<title>Portf\u00f3lio | KK Company<\/title>\n<meta name=\"robots\" content=\"index, follow, max-snippet:-1, max-image-preview:large, max-video-preview:-1\" \/>\n<link rel=\"canonical\" href=\"https:\/\/kkcompany.sk\/en\/portfolio\/\" \/>\n<meta property=\"og:locale\" content=\"en_US\" \/>\n<meta property=\"og:type\" content=\"article\" \/>\n<meta property=\"og:title\" content=\"Portf\u00f3lio | KK Company\" \/>\n<meta property=\"og:description\" content=\"Spolo\u010dnos\u0165 KK Company u\u017e vy\u0161e 20 rokov budujeme a formujeme. Po prehodnoten\u00ed v\u0161etk\u00fdch aktiv\u00edt sme sa rozhodli zachova\u0165 a rozv\u00edja\u0165 nasledovn\u00e9 aktivity v oblasti slu\u017eieb, v\u00fdroby, financi\u00ed a obchodu.\" \/>\n<meta property=\"og:url\" content=\"https:\/\/kkcompany.sk\/en\/portfolio\/\" \/>\n<meta property=\"og:site_name\" content=\"KK Company\" \/>\n<meta property=\"article:modified_time\" content=\"2016-01-13T14:04:56+00:00\" \/>\n<meta property=\"og:image\" content=\"https:\/\/kkcompany.sk\/engine\/wp-content\/uploads\/2015\/12\/portfolio-bg.jpg\" \/>\n\t<meta property=\"og:image:width\" content=\"1920\" \/>\n\t<meta property=\"og:image:height\" content=\"400\" \/>\n\t<meta property=\"og:image:type\" content=\"image\/jpeg\" \/>\n<meta name=\"twitter:card\" content=\"summary\" \/>\n<script type=\"application\/ld+json\" class=\"yoast-schema-graph\">{\"@context\":\"https:\/\/schema.org\",\"@graph\":[{\"@type\":\"WebSite\",\"@id\":\"https:\/\/kkcompany.sk\/#website\",\"url\":\"https:\/\/kkcompany.sk\/\",\"name\":\"KK Company\",\"description\":\"\",\"potentialAction\":[{\"@type\":\"SearchAction\",\"target\":{\"@type\":\"EntryPoint\",\"urlTemplate\":\"https:\/\/kkcompany.sk\/?s={search_term_string}\"},\"query-input\":\"required name=search_term_string\"}],\"inLanguage\":\"en-US\"},{\"@type\":\"ImageObject\",\"inLanguage\":\"en-US\",\"@id\":\"https:\/\/kkcompany.sk\/en\/portfolio\/#primaryimage\",\"url\":\"https:\/\/kkcompany.sk\/engine\/wp-content\/uploads\/2015\/12\/portfolio-bg.jpg\",\"contentUrl\":\"https:\/\/kkcompany.sk\/engine\/wp-content\/uploads\/2015\/12\/portfolio-bg.jpg\",\"width\":1920,\"height\":400},{\"@type\":\"WebPage\",\"@id\":\"https:\/\/kkcompany.sk\/en\/portfolio\/\",\"url\":\"https:\/\/kkcompany.sk\/en\/portfolio\/\",\"name\":\"Portf\u00f3lio | KK Company\",\"isPartOf\":{\"@id\":\"https:\/\/kkcompany.sk\/#website\"},\"primaryImageOfPage\":{\"@id\":\"https:\/\/kkcompany.sk\/en\/portfolio\/#primaryimage\"},\"datePublished\":\"2015-12-17T15:32:29+00:00\",\"dateModified\":\"2016-01-13T14:04:56+00:00\",\"breadcrumb\":{\"@id\":\"https:\/\/kkcompany.sk\/en\/portfolio\/#breadcrumb\"},\"inLanguage\":\"en-US\",\"potentialAction\":[{\"@type\":\"ReadAction\",\"target\":[\"https:\/\/kkcompany.sk\/en\/portfolio\/\"]}]},{\"@type\":\"BreadcrumbList\",\"@id\":\"https:\/\/kkcompany.sk\/en\/portfolio\/#breadcrumb\",\"itemListElement\":[{\"@type\":\"ListItem\",\"position\":1,\"name\":\"Domovsk\u00e1 str\u00e1nka\",\"item\":\"https:\/\/kkcompany.sk\/en\/\"},{\"@type\":\"ListItem\",\"position\":2,\"name\":\"Portf\u00f3lio\"}]}]}<\/script>\n<!-- \/ Yoast SEO plugin. -->","yoast_head_json":{"title":"Portf\u00f3lio | KK Company","robots":{"index":"index","follow":"follow","max-snippet":"max-snippet:-1","max-image-preview":"max-image-preview:large","max-video-preview":"max-video-preview:-1"},"canonical":"https:\/\/kkcompany.sk\/en\/portfolio\/","og_locale":"en_US","og_type":"article","og_title":"Portf\u00f3lio | KK Company","og_description":"Spolo\u010dnos\u0165 KK Company u\u017e vy\u0161e 20 rokov budujeme a formujeme. Po prehodnoten\u00ed v\u0161etk\u00fdch aktiv\u00edt sme sa rozhodli zachova\u0165 a rozv\u00edja\u0165 nasledovn\u00e9 aktivity v oblasti slu\u017eieb, v\u00fdroby, financi\u00ed a obchodu.","og_url":"https:\/\/kkcompany.sk\/en\/portfolio\/","og_site_name":"KK Company","article_modified_time":"2016-01-13T14:04:56+00:00","og_image":[{"width":1920,"height":400,"url":"https:\/\/kkcompany.sk\/engine\/wp-content\/uploads\/2015\/12\/portfolio-bg.jpg","type":"image\/jpeg"}],"twitter_card":"summary","schema":{"@context":"https:\/\/schema.org","@graph":[{"@type":"WebSite","@id":"https:\/\/kkcompany.sk\/#website","url":"https:\/\/kkcompany.sk\/","name":"KK Company","description":"","potentialAction":[{"@type":"SearchAction","target":{"@type":"EntryPoint","urlTemplate":"https:\/\/kkcompany.sk\/?s={search_term_string}"},"query-input":"required name=search_term_string"}],"inLanguage":"en-US"},{"@type":"ImageObject","inLanguage":"en-US","@id":"https:\/\/kkcompany.sk\/en\/portfolio\/#primaryimage","url":"https:\/\/kkcompany.sk\/engine\/wp-content\/uploads\/2015\/12\/portfolio-bg.jpg","contentUrl":"https:\/\/kkcompany.sk\/engine\/wp-content\/uploads\/2015\/12\/portfolio-bg.jpg","width":1920,"height":400},{"@type":"WebPage","@id":"https:\/\/kkcompany.sk\/en\/portfolio\/","url":"https:\/\/kkcompany.sk\/en\/portfolio\/","name":"Portf\u00f3lio | KK Company","isPartOf":{"@id":"https:\/\/kkcompany.sk\/#website"},"primaryImageOfPage":{"@id":"https:\/\/kkcompany.sk\/en\/portfolio\/#primaryimage"},"datePublished":"2015-12-17T15:32:29+00:00","dateModified":"2016-01-13T14:04:56+00:00","breadcrumb":{"@id":"https:\/\/kkcompany.sk\/en\/portfolio\/#breadcrumb"},"inLanguage":"en-US","potentialAction":[{"@type":"ReadAction","target":["https:\/\/kkcompany.sk\/en\/portfolio\/"]}]},{"@type":"BreadcrumbList","@id":"https:\/\/kkcompany.sk\/en\/portfolio\/#breadcrumb","itemListElement":[{"@type":"ListItem","position":1,"name":"Domovsk\u00e1 str\u00e1nka","item":"https:\/\/kkcompany.sk\/en\/"},{"@type":"ListItem","position":2,"name":"Portf\u00f3lio"}]}]}},"_links":{"self":[{"href":"https:\/\/kkcompany.sk\/en\/wp-json\/wp\/v2\/pages\/172"}],"collection":[{"href":"https:\/\/kkcompany.sk\/en\/wp-json\/wp\/v2\/pages"}],"about":[{"href":"https:\/\/kkcompany.sk\/en\/wp-json\/wp\/v2\/types\/page"}],"author":[{"embeddable":true,"href":"https:\/\/kkcompany.sk\/en\/wp-json\/wp\/v2\/users\/2"}],"replies":[{"embeddable":true,"href":"https:\/\/kkcompany.sk\/en\/wp-json\/wp\/v2\/comments?post=172"}],"version-history":[{"count":11,"href":"https:\/\/kkcompany.sk\/en\/wp-json\/wp\/v2\/pages\/172\/revisions"}],"predecessor-version":[{"id":476,"href":"https:\/\/kkcompany.sk\/en\/wp-json\/wp\/v2\/pages\/172\/revisions\/476"}],"wp:featuredmedia":[{"embeddable":true,"href":"https:\/\/kkcompany.sk\/en\/wp-json\/wp\/v2\/media\/75"}],"wp:attachment":[{"href":"https:\/\/kkcompany.sk\/en\/wp-json\/wp\/v2\/media?parent=172"}],"curies":[{"name":"wp","href":"https:\/\/api.w.org\/{rel}","templated":true}]}}